{"id":1419,"date":"2021-05-25T10:07:50","date_gmt":"2021-05-25T10:07:50","guid":{"rendered":"https:\/\/tivity.es\/?page_id=1419"},"modified":"2024-04-26T10:20:51","modified_gmt":"2024-04-26T10:20:51","slug":"reservas","status":"publish","type":"page","link":"https:\/\/tivity.es\/en\/reservas\/","title":{"rendered":"BOOKINGS"},"content":{"rendered":"<section class=\"l-section wpb_row height_auto\"><div class=\"l-section-h i-cf\"><div class=\"g-cols vc_row type_default valign_top\"><div class=\"vc_col-sm-12 wpb_column vc_column_container\"><div class=\"vc_column-inner\"><div class=\"wpb_wrapper\"><div class=\"wpb_text_column\" ><div class=\"wpb_wrapper\"><p>En esta p\u00e1gina puedes gestionar tus reservas.\u00a0 Para registrarte en nuestra plataforma es muy sencillo, simplemente reg\u00edstrate en un evento de los que hagamos y se crear\u00e1 un usuario y contrase\u00f1a que se enviar\u00e1 a tu e-mail.<\/p>\n<\/div><\/div><\/div><\/div><\/div><\/div><\/div><\/section><section class=\"l-section wpb_row height_large\"><div class=\"l-section-h i-cf\"><div class=\"g-cols vc_row type_default valign_top\"><div class=\"vc_col-sm-12 wpb_column vc_column_container\"><div class=\"vc_column-inner\"><div class=\"wpb_wrapper\"><div class=\"wpb_text_column\" ><div class=\"wpb_wrapper\"><h3>Reservas:<\/h3>\n<\/div><\/div>\n\t<div class=\"wpb_raw_code wpb_content_element wpb_raw_html\" >\n\t\t<div class=\"wpb_wrapper\">\n\t\t\t#_CONTENT\n\t\t<\/div>\n\t<\/div>\n<\/div><\/div><\/div><\/div><\/div><\/section><section class=\"l-section wpb_row height_large\"><div class=\"l-section-h i-cf\"><div class=\"g-cols vc_row type_default valign_top\"><div class=\"vc_col-sm-12 wpb_column vc_column_container\"><div class=\"vc_column-inner\"><div class=\"wpb_wrapper\"><div class=\"w-btn-wrapper width_auto align_left\"><a class=\"w-btn us-btn-style_1\" href=\"https:\/\/tivity.es\/wp-login.php?action=logout\"><span class=\"w-btn-label\">LOG OUT &#8211; CERRAR SESI\u00d3N<\/span><\/a><\/div><\/div><\/div><\/div><\/div><\/div><\/section>","protected":false},"excerpt":{"rendered":"En esta p\u00e1gina puedes gestionar tus reservas.\u00a0 Para registrarte en nuestra plataforma es muy sencillo, simplemente reg\u00edstrate en un evento de los que hagamos y se crear\u00e1 un usuario y contrase\u00f1a que se enviar\u00e1 a tu e-mail. Reservas: #_CONTENT LOG OUT &#8211; CERRAR SESI\u00d3N","protected":false},"author":1,"featured_media":1287,"parent":0,"menu_order":0,"comment_status":"closed","ping_status":"closed","template":"","meta":{"footnotes":""},"yoast_head":"<!-- This site is optimized with the Yoast SEO plugin v21.8 - https:\/\/yoast.com\/wordpress\/plugins\/seo\/ -->\n<title>RESERVAS - _tivity<\/title>\n<meta name=\"robots\" content=\"index, follow, max-snippet:-1, max-image-preview:large, max-video-preview:-1\" \/>\n<link rel=\"canonical\" href=\"https:\/\/tivity.es\/en\/reservas\/\" \/>\n<meta property=\"og:locale\" content=\"en_GB\" \/>\n<meta property=\"og:type\" content=\"article\" \/>\n<meta property=\"og:title\" content=\"RESERVAS - _tivity\" \/>\n<meta property=\"og:url\" content=\"https:\/\/tivity.es\/en\/reservas\/\" \/>\n<meta property=\"og:site_name\" content=\"_tivity\" \/>\n<meta property=\"article:publisher\" content=\"https:\/\/www.facebook.com\/tivity.es\" \/>\n<meta property=\"article:modified_time\" content=\"2024-04-26T10:20:51+00:00\" \/>\n<meta property=\"og:image\" content=\"https:\/\/tivity.es\/wp-content\/uploads\/2021\/05\/IMG_4554-1024x683-1.jpg\" \/>\n\t<meta property=\"og:image:width\" content=\"1024\" \/>\n\t<meta property=\"og:image:height\" content=\"683\" \/>\n\t<meta property=\"og:image:type\" content=\"image\/jpeg\" \/>\n<meta name=\"twitter:card\" content=\"summary_large_image\" \/>\n<meta name=\"twitter:site\" content=\"@TivityCanarias\" \/>\n<meta name=\"twitter:label1\" content=\"Estimated reading time\" \/>\n\t<meta name=\"twitter:data1\" content=\"1 minute\" \/>\n<script type=\"application\/ld+json\" class=\"yoast-schema-graph\">{\"@context\":\"https:\/\/schema.org\",\"@graph\":[{\"@type\":\"WebPage\",\"@id\":\"https:\/\/tivity.es\/reservas\/\",\"url\":\"https:\/\/tivity.es\/reservas\/\",\"name\":\"RESERVAS - _tivity\",\"isPartOf\":{\"@id\":\"https:\/\/tivity.es\/#website\"},\"datePublished\":\"2021-05-25T10:07:50+00:00\",\"dateModified\":\"2024-04-26T10:20:51+00:00\",\"breadcrumb\":{\"@id\":\"https:\/\/tivity.es\/reservas\/#breadcrumb\"},\"inLanguage\":\"en-GB\",\"potentialAction\":[{\"@type\":\"ReadAction\",\"target\":[\"https:\/\/tivity.es\/reservas\/\"]}]},{\"@type\":\"BreadcrumbList\",\"@id\":\"https:\/\/tivity.es\/reservas\/#breadcrumb\",\"itemListElement\":[{\"@type\":\"ListItem\",\"position\":1,\"name\":\"Portada\",\"item\":\"https:\/\/tivity.es\/\"},{\"@type\":\"ListItem\",\"position\":2,\"name\":\"RESERVAS\"}]},{\"@type\":\"WebSite\",\"@id\":\"https:\/\/tivity.es\/#website\",\"url\":\"https:\/\/tivity.es\/\",\"name\":\"_tivity\",\"description\":\"activity, connectivity, positivity\",\"publisher\":{\"@id\":\"https:\/\/tivity.es\/#organization\"},\"potentialAction\":[{\"@type\":\"SearchAction\",\"target\":{\"@type\":\"EntryPoint\",\"urlTemplate\":\"https:\/\/tivity.es\/?s={search_term_string}\"},\"query-input\":\"required name=search_term_string\"}],\"inLanguage\":\"en-GB\"},{\"@type\":\"Organization\",\"@id\":\"https:\/\/tivity.es\/#organization\",\"name\":\"_tivity\",\"url\":\"https:\/\/tivity.es\/\",\"logo\":{\"@type\":\"ImageObject\",\"inLanguage\":\"en-GB\",\"@id\":\"https:\/\/tivity.es\/#\/schema\/logo\/image\/\",\"url\":\"https:\/\/tivity.es\/wp-content\/uploads\/2021\/05\/tivity-naranja-512px-redondeado.png\",\"contentUrl\":\"https:\/\/tivity.es\/wp-content\/uploads\/2021\/05\/tivity-naranja-512px-redondeado.png\",\"width\":512,\"height\":512,\"caption\":\"_tivity\"},\"image\":{\"@id\":\"https:\/\/tivity.es\/#\/schema\/logo\/image\/\"},\"sameAs\":[\"https:\/\/www.facebook.com\/tivity.es\",\"https:\/\/twitter.com\/TivityCanarias\",\"https:\/\/www.instagram.com\/tivitycanarias\/\",\"https:\/\/www.youtube.com\/channel\/UCSVGuu8_-paURQMiHE1HshA\"]}]}<\/script>\n<!-- \/ Yoast SEO plugin. -->","yoast_head_json":{"title":"RESERVAS - _tivity","robots":{"index":"index","follow":"follow","max-snippet":"max-snippet:-1","max-image-preview":"max-image-preview:large","max-video-preview":"max-video-preview:-1"},"canonical":"https:\/\/tivity.es\/en\/reservas\/","og_locale":"en_GB","og_type":"article","og_title":"RESERVAS - _tivity","og_url":"https:\/\/tivity.es\/en\/reservas\/","og_site_name":"_tivity","article_publisher":"https:\/\/www.facebook.com\/tivity.es","article_modified_time":"2024-04-26T10:20:51+00:00","og_image":[{"width":1024,"height":683,"url":"https:\/\/tivity.es\/wp-content\/uploads\/2021\/05\/IMG_4554-1024x683-1.jpg","type":"image\/jpeg"}],"twitter_card":"summary_large_image","twitter_site":"@TivityCanarias","twitter_misc":{"Estimated reading time":"1 minute"},"schema":{"@context":"https:\/\/schema.org","@graph":[{"@type":"WebPage","@id":"https:\/\/tivity.es\/reservas\/","url":"https:\/\/tivity.es\/reservas\/","name":"RESERVAS - _tivity","isPartOf":{"@id":"https:\/\/tivity.es\/#website"},"datePublished":"2021-05-25T10:07:50+00:00","dateModified":"2024-04-26T10:20:51+00:00","breadcrumb":{"@id":"https:\/\/tivity.es\/reservas\/#breadcrumb"},"inLanguage":"en-GB","potentialAction":[{"@type":"ReadAction","target":["https:\/\/tivity.es\/reservas\/"]}]},{"@type":"BreadcrumbList","@id":"https:\/\/tivity.es\/reservas\/#breadcrumb","itemListElement":[{"@type":"ListItem","position":1,"name":"Portada","item":"https:\/\/tivity.es\/"},{"@type":"ListItem","position":2,"name":"RESERVAS"}]},{"@type":"WebSite","@id":"https:\/\/tivity.es\/#website","url":"https:\/\/tivity.es\/","name":"_tivity","description":"activity, connectivity, positivity","publisher":{"@id":"https:\/\/tivity.es\/#organization"},"potentialAction":[{"@type":"SearchAction","target":{"@type":"EntryPoint","urlTemplate":"https:\/\/tivity.es\/?s={search_term_string}"},"query-input":"required name=search_term_string"}],"inLanguage":"en-GB"},{"@type":"Organization","@id":"https:\/\/tivity.es\/#organization","name":"_tivity","url":"https:\/\/tivity.es\/","logo":{"@type":"ImageObject","inLanguage":"en-GB","@id":"https:\/\/tivity.es\/#\/schema\/logo\/image\/","url":"https:\/\/tivity.es\/wp-content\/uploads\/2021\/05\/tivity-naranja-512px-redondeado.png","contentUrl":"https:\/\/tivity.es\/wp-content\/uploads\/2021\/05\/tivity-naranja-512px-redondeado.png","width":512,"height":512,"caption":"_tivity"},"image":{"@id":"https:\/\/tivity.es\/#\/schema\/logo\/image\/"},"sameAs":["https:\/\/www.facebook.com\/tivity.es","https:\/\/twitter.com\/TivityCanarias","https:\/\/www.instagram.com\/tivitycanarias\/","https:\/\/www.youtube.com\/channel\/UCSVGuu8_-paURQMiHE1HshA"]}]}},"_links":{"self":[{"href":"https:\/\/tivity.es\/en\/wp-json\/wp\/v2\/pages\/1419"}],"collection":[{"href":"https:\/\/tivity.es\/en\/wp-json\/wp\/v2\/pages"}],"about":[{"href":"https:\/\/tivity.es\/en\/wp-json\/wp\/v2\/types\/page"}],"author":[{"embeddable":true,"href":"https:\/\/tivity.es\/en\/wp-json\/wp\/v2\/users\/1"}],"replies":[{"embeddable":true,"href":"https:\/\/tivity.es\/en\/wp-json\/wp\/v2\/comments?post=1419"}],"version-history":[{"count":9,"href":"https:\/\/tivity.es\/en\/wp-json\/wp\/v2\/pages\/1419\/revisions"}],"predecessor-version":[{"id":2762,"href":"https:\/\/tivity.es\/en\/wp-json\/wp\/v2\/pages\/1419\/revisions\/2762"}],"wp:featuredmedia":[{"embeddable":true,"href":"https:\/\/tivity.es\/en\/wp-json\/wp\/v2\/media\/1287"}],"wp:attachment":[{"href":"https:\/\/tivity.es\/en\/wp-json\/wp\/v2\/media?parent=1419"}],"curies":[{"name":"wp","href":"https:\/\/api.w.org\/{rel}","templated":true}]}}